{"id":423,"date":"2015-01-25T00:04:18","date_gmt":"2015-01-25T00:04:18","guid":{"rendered":"http:\/\/www.crical.cl\/quien-es-confucio-2\/"},"modified":"2020-05-30T23:05:49","modified_gmt":"2020-05-31T03:05:49","slug":"quien-es-confucio","status":"publish","type":"page","link":"https:\/\/fundacionclec.org\/pt-br\/quien-es-confucio\/","title":{"rendered":"Quem \u00e9 Conf\u00facio?"},"content":{"rendered":"<div class=\"wpb-content-wrapper\"><p>[vc_row overflow=&#8221;default&#8221; css=&#8221;.vc_custom_1590894343758{margin-top: 50px !important;}&#8221;][vc_column width=&#8221;1\/4&#8243;][vc_single_image image=&#8221;678&#8243; img_size=&#8221;full&#8221;][\/vc_column][vc_column width=&#8221;3\/4&#8243;][vc_column_text]Conf\u00facio (chin\u00eas:\u00a0<a href=\"https:\/\/pt.wiktionary.org\/wiki\/%E5%AD%94\">\u5b54<\/a><a href=\"https:\/\/pt.wiktionary.org\/wiki\/%E5%AD%90\">\u5b50<\/a>\u00a0), literalmente \u201cMestre Kong\u201d, (551 a.C.\u00a0\u2013 479 a.C.) foi um pensador e fil\u00f3sofo chin\u00eas do Per\u00edodo das Primaveras e Outonos.<\/p>\n<p>A filosofia de Conf\u00facio sublinhava uma moralidade pessoal e governamental, tamb\u00e9m os procedimentos correctos nas rela\u00e7\u00f5es sociais, a justi\u00e7a e a sinceridade. Estes valores ganharam relevo na China sobre outras doutrinas, como o legalismo (\u6cd5\u5bb6) e o taoismo (\u9053\u5bb6) durante a Dinastia Han (206 a.C. \u2013 220). Os pensamentos de Conf\u00facio foram desenvolvidos num sistema filos\u00f3fico conhecido por\u00a0<em>confucionismo<\/em>\u00a0(\u5112\u5bb6).<\/p>\n<p>Porque nenhum texto \u00e9 demonstr\u00e1vel ser de autoria de Conf\u00facio, e as ideias que mais chegadas lhe eram foram elaboradas em escritos acumulados durante o per\u00edodo entre a sua morte e a funda\u00e7\u00e3o do primeiro imp\u00e9rio chin\u00eas em 221 a.C., muitos acad\u00e9micos s\u00e3o muito cautelosos em atribuir asser\u00e7\u00f5es espec\u00edficas ao pr\u00f3prio Conf\u00facio. Os seus ensinamentos podem ser encontrados na obra\u00a0<em>Analectos de Conf\u00facio<\/em>\u00a0(\u8bba\u8bed), uma colec\u00e7\u00e3o de aforismos, que foi compilada muitos anos ap\u00f3s a sua morte. Por cerca de dois mil anos, pensou-se ter sido Conf\u00facio o autor ou editor de todos os\u00a0<em>Cinco Cl\u00e1ssicos<\/em>\u00a0(\u4e94\u7ecf)como o\u00a0<em>Cl\u00e1ssico dos Ritos<\/em>\u00a0(\u793c\u8bb0) (editor), e\u00a0<em>Os Anais de Primavera e Outono<\/em>\u00a0(\u6625\u79cb) (autor).<\/p>\n<p>Os princ\u00edpios de Conf\u00facio tinham uma base nas tradi\u00e7\u00f5es e cren\u00e7as chinesas comuns. Favorecia uma lealdade familiar forte, venera\u00e7\u00e3o dos ancestrais, respeito para com os idosos pelas suas crian\u00e7as (e, de acordo com int\u00e9rpretes posteriores, das esposas para como os maridos), e a fam\u00edlia como a base para um governo ideal. Expressou o conhecido princ\u00edpio, \u201c<em>n\u00e3o fa\u00e7as aos outros o que n\u00e3o queres que fa\u00e7am a ti<\/em>\u201c, uma das vers\u00f5es mais antigas da \u00e9tica da reciprocidade.[\/vc_column_text][\/vc_column][\/vc_row]<\/p>\n<\/div>","protected":false},"excerpt":{"rendered":"<p>[vc_row overflow=&#8221;default&#8221; css=&#8221;.vc_custom_1590894343758{margin-top: 50px !important;}&#8221;][vc_column width=&#8221;1\/4&#8243;][vc_single_image image=&#8221;678&#8243; img_size=&#8221;full&#8221;][\/vc_column][vc_column width=&#8221;3\/4&#8243;][vc_column_text]Conf\u00facio (chin\u00eas:\u00a0\u5b54\u5b50\u00a0), literalmente \u201cMestre Kong\u201d, (551 a.C.\u00a0\u2013 479 a.C.) foi um pensador e fil\u00f3sofo chin\u00eas do Per\u00edodo das Primaveras e Outonos. A filosofia de Conf\u00facio sublinhava uma moralidade pessoal e governamental, tamb\u00e9m os procedimentos correctos nas rela\u00e7\u00f5es&#8230;<\/p>\n","protected":false},"author":2,"featured_media":0,"parent":0,"menu_order":0,"comment_status":"closed","ping_status":"closed","template":"","meta":{"inline_featured_image":false,"_exactmetrics_skip_tracking":false,"_exactmetrics_sitenote_active":false,"_exactmetrics_sitenote_note":"","_exactmetrics_sitenote_category":0,"footnotes":""},"class_list":["post-423","page","type-page","status-publish","hentry"],"amp_enabled":true,"_links":{"self":[{"href":"https:\/\/fundacionclec.org\/pt-br\/wp-json\/wp\/v2\/pages\/423","targetHints":{"allow":["GET"]}}],"collection":[{"href":"https:\/\/fundacionclec.org\/pt-br\/wp-json\/wp\/v2\/pages"}],"about":[{"href":"https:\/\/fundacionclec.org\/pt-br\/wp-json\/wp\/v2\/types\/page"}],"author":[{"embeddable":true,"href":"https:\/\/fundacionclec.org\/pt-br\/wp-json\/wp\/v2\/users\/2"}],"replies":[{"embeddable":true,"href":"https:\/\/fundacionclec.org\/pt-br\/wp-json\/wp\/v2\/comments?post=423"}],"version-history":[{"count":0,"href":"https:\/\/fundacionclec.org\/pt-br\/wp-json\/wp\/v2\/pages\/423\/revisions"}],"wp:attachment":[{"href":"https:\/\/fundacionclec.org\/pt-br\/wp-json\/wp\/v2\/media?parent=423"}],"curies":[{"name":"wp","href":"https:\/\/api.w.org\/{rel}","templated":true}]}} 