{"id":379,"date":"2015-01-20T03:25:43","date_gmt":"2015-01-20T03:25:43","guid":{"rendered":"http:\/\/www.crical.cl\/objetivos-y-funciones-2\/"},"modified":"2021-05-05T22:31:14","modified_gmt":"2021-05-06T02:31:14","slug":"objetivos-y-funciones","status":"publish","type":"page","link":"https:\/\/fundacionclec.org\/pt-br\/objetivos-y-funciones\/","title":{"rendered":"Objetivo e Fun\u00e7\u00f5es"},"content":{"rendered":"<div class=\"wpb-content-wrapper\"><p>[vc_row overflow=&#8221;default&#8221; css=&#8221;.vc_custom_1590228775455{margin-top: 50px !important;}&#8221;][vc_column width=&#8221;1\/4&#8243;][vc_column_text]<\/p>\n<h3>Os objetivos da Funda\u00e7\u00e3o CLEC, Escrit\u00f3rio para a Am\u00e9rica Latina e o Caribe, s\u00e3o:<\/h3>\n<p>[\/vc_column_text][\/vc_column][vc_column width=&#8221;3\/4&#8243;][vc_column_text]<\/p>\n<div class=\"csColumn\" data-csstartpoint=\"15\" data-csendpoint=\"472\" data-cswidth=\"47.6%\" data-csid=\"c40a7e73-a8c3-da28-a5df-283175af42b0\">\n<p>Capacitar as Institui\u00e7\u00f5es que ensinam a l\u00edngua chinesa a desempenhar um papel estrat\u00e9gico no processo de intensifica\u00e7\u00e3o e aprofundamento das rela\u00e7\u00f5es entre a Am\u00e9rica Latina e a Rep\u00fablica Popular da China, reavaliando nossa \u00e1rea geogr\u00e1fica de influ\u00eancia e nossa l\u00edngua comum.<\/p>\n<p>Imaginar, desenhar e implementar, no \u00e2mbito da referida fun\u00e7\u00e3o, linhas de a\u00e7\u00e3o, projetos e atividades comuns aos diversos n\u00edveis (institucional, coletivo ou individual) e aos diversos n\u00edveis (social, cultural, educacional, econ\u00f4mico, produtivo) que essas rela\u00e7\u00f5es englobar.<\/p>\n<\/div>\n<p>[\/vc_column_text][\/vc_column][\/vc_row][vc_row][vc_column][vc_separator color=&#8221;green&#8221; css=&#8221;.vc_custom_1590227481612{margin-top: 20px !important;margin-bottom: 50px !important;}&#8221;][\/vc_column][\/vc_row][vc_row][vc_column width=&#8221;1\/4&#8243;][vc_column_text]<\/p>\n<h3>Encomendado pelo Centro de Coopera\u00e7\u00e3o e Ensino de L\u00ednguas, coordenar e integrar horizontalmente as a\u00e7\u00f5es das Institui\u00e7\u00f5es que ensinam a l\u00edngua chinesa na Am\u00e9rica Latina com vistas a estabelecer mecanismos de coopera\u00e7\u00e3o interna que permitam:<\/h3>\n<p>[\/vc_column_text][\/vc_column][vc_column width=&#8221;3\/4&#8243;][vc_column_text]<\/p>\n<div class=\"csColumn\" data-csstartpoint=\"15.010415077209467\" data-csendpoint=\"472.4930739402771\" data-cswidth=\"47.7%\" data-csid=\"592e9778-adf5-5bb1-ba57-14268bc26981\">\n<div class=\"csColumn\" data-csstartpoint=\"15\" data-csendpoint=\"472\" data-cswidth=\"47.6%\" data-csid=\"592e9778-adf5-5bb1-ba57-14268bc26981\">\n<ol>\n<li>Tomar a iniciativa em rela\u00e7\u00e3o \u00e0 sele\u00e7\u00e3o, organiza\u00e7\u00e3o e avalia\u00e7\u00e3o das atividades a desenvolver no \u00e2mbito dos seus pr\u00f3prios objetivos.<\/li>\n<li>Formular em conjunto com o Centro de Educa\u00e7\u00e3o e Coopera\u00e7\u00e3o em L\u00ednguas uma oferta cultural, educacional, acad\u00eamica, econ\u00f4mica, tecnol\u00f3gica e comercial.<\/li>\n<li>Em ambos os casos, gerar uma economia de escala que beneficie todas as partes, e torne mais eficiente o relacionamento com o Centro de Ensino e Coopera\u00e7\u00e3o em L\u00ednguas e a aloca\u00e7\u00e3o e utiliza\u00e7\u00e3o dos recursos por ele disponibilizados.<\/li>\n<li>Desenvolver estrat\u00e9gias operacionais que incorporem diversos elementos decorrentes das experi\u00eancias e realidades de seus membros, a fim de definir linhas de a\u00e7\u00e3o adequadas para lidar com problemas comuns.<\/li>\n<\/ol>\n<\/div>\n<\/div>\n<p>[\/vc_column_text][\/vc_column][\/vc_row][vc_row][vc_column][vc_separator color=&#8221;green&#8221; css=&#8221;.vc_custom_1590227481612{margin-top: 20px !important;margin-bottom: 50px !important;}&#8221;][\/vc_column][\/vc_row][vc_row][vc_column width=&#8221;1\/4&#8243;][vc_column_text]<strong>As principais fun\u00e7\u00f5es do Escrit\u00f3rio da Funda\u00e7\u00e3o CLEC para a Am\u00e9rica Latina e o Caribe s\u00e3o:<\/strong>[\/vc_column_text][\/vc_column][vc_column width=&#8221;3\/4&#8243;][vc_column_text]<\/p>\n<div class=\"csColumn\" data-csstartpoint=\"15.010415077209467\" data-csendpoint=\"472.4930739402771\" data-cswidth=\"47.7%\" data-csid=\"592e9778-adf5-5bb1-ba57-14268bc26981\">\n<div class=\"csColumn\" data-csstartpoint=\"15.010415077209467\" data-csendpoint=\"472.4930739402771\" data-cswidth=\"47.7%\" data-csid=\"a7f0971e-13f8-5450-9123-f945ff17aa37\">\n<div class=\"csRow\">\n<div class=\"csColumn\" data-csstartpoint=\"15\" data-csendpoint=\"472\" data-cswidth=\"47.6%\" data-csid=\"a7f0971e-13f8-5450-9123-f945ff17aa37\">\n<p>Encomendado pelo Centro de Coopera\u00e7\u00e3o e Ensino de L\u00ednguas, desenvolve a sua actividade de coordena\u00e7\u00e3o e apoio.<\/p>\n<p>Propor as \u00e1reas tem\u00e1ticas a desenvolver no \u00e2mbito do projeto ao Centro de Coopera\u00e7\u00e3o e Ensino de L\u00ednguas.<\/p>\n<p>Detectar, no n\u00edvel das institui\u00e7\u00f5es latino-americanas, interesses comuns, e com sua ajuda e participa\u00e7\u00e3o ativa: A) as atividades existentes que podem ser atendidas por meio de programas e projetos comuns com o objetivo de maior efici\u00eancia operacional; e B) as atividades ainda n\u00e3o desenvolvidas que potencializem a atua\u00e7\u00e3o de cada um deles e ampliem sua \u00e1rea de influ\u00eancia.<\/p>\n<p>Encomendado pelo Centro de Coopera\u00e7\u00e3o e Ensino de L\u00ednguas, oferece servi\u00e7os que ajudam a organizar, coordenar e realizar atividades que j\u00e1 foram unificadas.<\/p>\n<p>Elaborar, com base na informa\u00e7\u00e3o emanada dos dois itens imediatamente anteriores, planos e relat\u00f3rios anuais que tamb\u00e9m contenham relat\u00f3rios financeiros, e submet\u00ea-los ao Centro de Ensino e Coopera\u00e7\u00e3o em L\u00ednguas para avalia\u00e7\u00e3o e eventual aprova\u00e7\u00e3o.<\/p>\n<p>Divulgar informa\u00e7\u00f5es sobre o desenvolvimento das institui\u00e7\u00f5es na Am\u00e9rica Latina para a m\u00eddia ou organiza\u00e7\u00f5es de rela\u00e7\u00f5es p\u00fablicas. Colaborar com o Centro de Ensino de L\u00ednguas e Coopera\u00e7\u00e3o em emerg\u00eancias que ocorram em Institui\u00e7\u00f5es da Am\u00e9rica Latina.<\/p>\n<p>Encomendado pelo Centro de Coopera\u00e7\u00e3o e Ensino de L\u00ednguas para coordenar a forma\u00e7\u00e3o de professores chineses para as institui\u00e7\u00f5es, criando um centro regional de forma\u00e7\u00e3o de professores de mandarim em espanhol e portugu\u00eas e a forma\u00e7\u00e3o de professores locais utilizando uma metodologia comum.<\/p>\n<p>Coordenar a impress\u00e3o de textos em espanhol e portugu\u00eas para cursos de mandarim nos pa\u00edses da regi\u00e3o.<\/p>\n<\/div>\n<\/div>\n<\/div>\n<\/div>\n<p>[\/vc_column_text][\/vc_column][\/vc_row][vc_row][vc_column][vc_separator color=&#8221;green&#8221; css=&#8221;.vc_custom_1590227481612{margin-top: 20px !important;margin-bottom: 50px !important;}&#8221;][\/vc_column][\/vc_row]<\/p>\n<\/div>","protected":false},"excerpt":{"rendered":"<p>[vc_row overflow=&#8221;default&#8221; css=&#8221;.vc_custom_1590228775455{margin-top: 50px !important;}&#8221;][vc_column width=&#8221;1\/4&#8243;][vc_column_text] Os objetivos da Funda\u00e7\u00e3o CLEC, Escrit\u00f3rio para a Am\u00e9rica Latina e o Caribe, s\u00e3o: [\/vc_column_text][\/vc_column][vc_column width=&#8221;3\/4&#8243;][vc_column_text] Capacitar as Institui\u00e7\u00f5es que ensinam a l\u00edngua chinesa a desempenhar um papel estrat\u00e9gico no processo de intensifica\u00e7\u00e3o e aprofundamento das rela\u00e7\u00f5es entre a&#8230;<\/p>\n","protected":false},"author":1,"featured_media":0,"parent":0,"menu_order":0,"comment_status":"closed","ping_status":"closed","template":"","meta":{"inline_featured_image":false,"_exactmetrics_skip_tracking":false,"_exactmetrics_sitenote_active":false,"_exactmetrics_sitenote_note":"","_exactmetrics_sitenote_category":0,"footnotes":""},"class_list":["post-379","page","type-page","status-publish","hentry"],"amp_enabled":true,"_links":{"self":[{"href":"https:\/\/fundacionclec.org\/pt-br\/wp-json\/wp\/v2\/pages\/379","targetHints":{"allow":["GET"]}}],"collection":[{"href":"https:\/\/fundacionclec.org\/pt-br\/wp-json\/wp\/v2\/pages"}],"about":[{"href":"https:\/\/fundacionclec.org\/pt-br\/wp-json\/wp\/v2\/types\/page"}],"author":[{"embeddable":true,"href":"https:\/\/fundacionclec.org\/pt-br\/wp-json\/wp\/v2\/users\/1"}],"replies":[{"embeddable":true,"href":"https:\/\/fundacionclec.org\/pt-br\/wp-json\/wp\/v2\/comments?post=379"}],"version-history":[{"count":0,"href":"https:\/\/fundacionclec.org\/pt-br\/wp-json\/wp\/v2\/pages\/379\/revisions"}],"wp:attachment":[{"href":"https:\/\/fundacionclec.org\/pt-br\/wp-json\/wp\/v2\/media?parent=379"}],"curies":[{"name":"wp","href":"https:\/\/api.w.org\/{rel}","templated":true}]}}