{"id":30070,"date":"2020-12-16T23:01:49","date_gmt":"2020-12-17T03:01:49","guid":{"rendered":"https:\/\/www.crical.org\/?page_id=30070"},"modified":"2020-12-28T19:31:09","modified_gmt":"2020-12-28T23:31:09","slug":"curso-de-medicina-tradicional-china","status":"publish","type":"page","link":"https:\/\/fundacionclec.org\/pt-br\/curso-de-medicina-tradicional-china\/","title":{"rendered":"S\u00e9rie de terapias tradicionais Chinesas"},"content":{"rendered":"<div class=\"wpb-content-wrapper\"><p>[vc_row][vc_column][vc_column_text css=&#8221;.vc_custom_1609198118949{margin-top: 50px !important;margin-bottom: 70px !important;}&#8221;]<\/p>\n<h1 class=\"p1\" style=\"text-align: center;\"><b><span lang=\"PT-BR\">S\u00e9rie de terapias tradicionais Chinesas<\/span><\/b><\/h1>\n<p>[\/vc_column_text][vc_video link=&#8221;https:\/\/www.youtube.com\/embed\/YGq4tftICEc&#8221; el_width=&#8221;60&#8243; align=&#8221;center&#8221; css=&#8221;.vc_custom_1609198174810{margin-bottom: 50px !important;}&#8221; title=&#8221;1- Como evitar doen\u00e7as respirat\u00f3rias com TTC&#8221;][vc_video link=&#8221;https:\/\/www.youtube.com\/embed\/khT1kA7251I&#8221; el_width=&#8221;60&#8243; align=&#8221;center&#8221; css=&#8221;.vc_custom_1609198200987{margin-bottom: 50px !important;}&#8221; title=&#8221;2 \u2013 S\u00edndrome da Respira\u00e7\u00e3o Oral e Terapias tradicionais chinesas&#8221;][vc_video link=&#8221;&#8220;https:\/\/www.youtube.com\/embed\/-UlZrZzrEaI&#8221; el_width=&#8221;60&#8243; align=&#8221;center&#8221; css=&#8221;.vc_custom_1609198223598{margin-bottom: 50px !important;}&#8221; title=&#8221;3 \u2013 Sa\u00fade da Coluna e TTC&#8221;][vc_video link=&#8221;https:\/\/www.youtube.com\/embed\/fYyum71T06o&#8221; el_width=&#8221;60&#8243; align=&#8221;center&#8221; css=&#8221;.vc_custom_1609198246598{margin-bottom: 50px !important;}&#8221; title=&#8221;4 &#8211; Sa\u00fade do Sono e TTC&#8221;][\/vc_column][\/vc_row]<\/p>\n<\/div>","protected":false},"excerpt":{"rendered":"<p>[vc_row][vc_column][vc_column_text css=&#8221;.vc_custom_1609198118949{margin-top: 50px !important;margin-bottom: 70px !important;}&#8221;] S\u00e9rie de terapias tradicionais Chinesas [\/vc_column_text][vc_video link=&#8221;https:\/\/www.youtube.com\/embed\/YGq4tftICEc&#8221; el_width=&#8221;60&#8243; align=&#8221;center&#8221; css=&#8221;.vc_custom_1609198174810{margin-bottom: 50px !important;}&#8221; title=&#8221;1- Como evitar doen\u00e7as respirat\u00f3rias com TTC&#8221;][vc_video link=&#8221;https:\/\/www.youtube.com\/embed\/khT1kA7251I&#8221; el_width=&#8221;60&#8243; align=&#8221;center&#8221; css=&#8221;.vc_custom_1609198200987{margin-bottom: 50px !important;}&#8221; title=&#8221;2 \u2013 S\u00edndrome da Respira\u00e7\u00e3o Oral e Terapias tradicionais chinesas&#8221;][vc_video link=&#8221;&#8220;https:\/\/www.youtube.com\/embed\/-UlZrZzrEaI&#8221; el_width=&#8221;60&#8243; align=&#8221;center&#8221; css=&#8221;.vc_custom_1609198223598{margin-bottom:&#8230;<\/p>\n","protected":false},"author":1,"featured_media":0,"parent":0,"menu_order":0,"comment_status":"closed","ping_status":"closed","template":"","meta":{"inline_featured_image":false,"_exactmetrics_skip_tracking":false,"_exactmetrics_sitenote_active":false,"_exactmetrics_sitenote_note":"","_exactmetrics_sitenote_category":0,"footnotes":""},"class_list":["post-30070","page","type-page","status-publish","hentry"],"amp_enabled":true,"_links":{"self":[{"href":"https:\/\/fundacionclec.org\/pt-br\/wp-json\/wp\/v2\/pages\/30070","targetHints":{"allow":["GET"]}}],"collection":[{"href":"https:\/\/fundacionclec.org\/pt-br\/wp-json\/wp\/v2\/pages"}],"about":[{"href":"https:\/\/fundacionclec.org\/pt-br\/wp-json\/wp\/v2\/types\/page"}],"author":[{"embeddable":true,"href":"https:\/\/fundacionclec.org\/pt-br\/wp-json\/wp\/v2\/users\/1"}],"replies":[{"embeddable":true,"href":"https:\/\/fundacionclec.org\/pt-br\/wp-json\/wp\/v2\/comments?post=30070"}],"version-history":[{"count":0,"href":"https:\/\/fundacionclec.org\/pt-br\/wp-json\/wp\/v2\/pages\/30070\/revisions"}],"wp:attachment":[{"href":"https:\/\/fundacionclec.org\/pt-br\/wp-json\/wp\/v2\/media?parent=30070"}],"curies":[{"name":"wp","href":"https:\/\/api.w.org\/{rel}","templated":true}]}} 